{"id":345,"date":"2021-06-21T17:28:37","date_gmt":"2021-06-21T15:28:37","guid":{"rendered":"https:\/\/loranger-paris.com\/?page_id=345"},"modified":"2021-12-22T21:57:04","modified_gmt":"2021-12-22T20:57:04","slug":"politique-de-confidentialite","status":"publish","type":"page","link":"https:\/\/loranger-paris.com\/index.php\/politique-de-confidentialite\/","title":{"rendered":"politique de confidentialit\u00e9"},"content":{"rendered":"\t\t<div data-elementor-type=\"wp-page\" data-elementor-id=\"345\" class=\"elementor elementor-345\" data-elementor-post-type=\"page\">\n\t\t\t\t\t\t<section class=\"elementor-section elementor-top-section elementor-element elementor-element-0b9758d elementor-section-boxed elementor-section-height-default elementor-section-height-default\" data-id=\"0b9758d\" data-element_type=\"section\">\n\t\t\t\t\t\t<div class=\"elementor-container elementor-column-gap-default\">\n\t\t\t\t\t<div class=\"elementor-column elementor-col-100 elementor-top-column elementor-element elementor-element-19b0c1a\" data-id=\"19b0c1a\" data-element_type=\"column\">\n\t\t\t<div class=\"elementor-widget-wrap elementor-element-populated\">\n\t\t\t\t\t\t<div class=\"elementor-element elementor-element-fa78ee4 elementor-view-default elementor-widget elementor-widget-icon\" data-id=\"fa78ee4\" data-element_type=\"widget\" data-widget_type=\"icon.default\">\n\t\t\t\t<div class=\"elementor-widget-container\">\n\t\t\t\t\t\t\t<div class=\"elementor-icon-wrapper\">\n\t\t\t<div class=\"elementor-icon\">\n\t\t\t<i aria-hidden=\"true\" class=\"fas fa-file-alt\"><\/i>\t\t\t<\/div>\n\t\t<\/div>\n\t\t\t\t\t\t<\/div>\n\t\t\t\t<\/div>\n\t\t\t\t<div class=\"elementor-element elementor-element-f13c59b elementor-widget elementor-widget-heading\" data-id=\"f13c59b\" data-element_type=\"widget\" data-widget_type=\"heading.default\">\n\t\t\t\t<div class=\"elementor-widget-container\">\n\t\t\t\t\t<h2 class=\"elementor-heading-title elementor-size-default\">Politique de confidentialit\u00e9<\/h2>\t\t\t\t<\/div>\n\t\t\t\t<\/div>\n\t\t\t\t<div class=\"elementor-element elementor-element-9478427 elementor-widget elementor-widget-text-editor\" data-id=\"9478427\" data-element_type=\"widget\" data-widget_type=\"text-editor.default\">\n\t\t\t\t<div class=\"elementor-widget-container\">\n\t\t\t\t\t\t\t\t\t<div data-id=\"6b5f92f\" data-element_type=\"widget\" data-widget_type=\"text-editor.default\">\n<div>\n<div>\n<p><strong>1. COOKIES<\/strong><\/p>\n<p>Lors de la consultation du site Internet, des informations relatives \u00e0 la navigation du terminal de l\u2019Utilisateur (ordinateur, tablette, smartphone, etc.), sont susceptibles d\u2019\u00eatre enregistr\u00e9es dans des fichiers \u00ab Cookies \u00bb install\u00e9s sur ledit terminal, sous r\u00e9serve des choix que l\u2019Utilisateur aura exprim\u00e9s concernant les cookies et qu\u2019il peut modifier \u00e0 tout moment.<\/p>\n<p><strong>2. D\u00c9FINITION D\u2019UN COOKIE<\/strong><\/p>\n<p>Un cookie est un petit fichier texte enregistr\u00e9 dans un espace d\u00e9di\u00e9 du disque dur du terminal (ordinateur, tablette, smartphone, etc.) de l\u2019Utilisateur, \u00e0 l\u2019occasion de la consultation d\u2019un service en ligne. Il permet \u00e0 son \u00e9metteur d\u2019identifier le terminal dans lequel il est enregistr\u00e9, pendant la dur\u00e9e de validit\u00e9 ou d\u2019enregistrement du Cookie.<\/p>\n<p><strong>3. FINALIT\u00c9 DES COOKIES<\/strong><\/p>\n<p>Les cookies sont utilis\u00e9s par&nbsp;<span style=\"font-size: 14px; color: var( --e-global-color-text );\"> L&rsquo;ORANGER afin de rendre plus efficaces les visites de l\u2019Utilisateur sur son site internet. Les cookies permettent \u00e9galement d\u2019am\u00e9liorer la navigation sur le site et de comprendre ses besoins au regard des services rendus.<\/span><\/p>\n<p><strong>4. UTILISATION DES COOKIES<\/strong><br>L&rsquo;ORANGER&nbsp;utilise les cookies pour :<br>Collecter des informations analytiques pour, par exemple, compter le nombre de visiteurs sur le site internet et identifier les pages du site qui sont visit\u00e9es le plus souvent.<\/p>\n<p><strong>5. INFORMATIONS COLLECT\u00c9ES GR\u00c2CE AUX COOKIES<\/strong><\/p>\n<p>Les cookies permettent \u00e0 L&rsquo;ORANGER de recueillir des renseignements sur la fa\u00e7on dont l\u2019Utilisateur navigue sur le site Web.<\/p>\n<p><strong>6. TYPES DE COOKIES<\/strong><br>Cookies de session \u2013 Les cookies de ce type sont temporairement stock\u00e9s sur l\u2019ordinateur ou p\u00e9riph\u00e9rique de l\u2019Utilisateur pendant une session de navigation. Ils sont effac\u00e9s du terminal de l\u2019Utilisateur \u00e0 la fin de la session de navigation.<\/p>\n<p>Cookies permanents \u2013 Les cookies de ce type demeurent plus longtemps sur le terminal de l\u2019Utilisateur. Les cookies permanents permettent de reconna\u00eetre l\u2019Utilisateur lorsque L&rsquo;ORANGER a besoin de savoir qui est l\u2019Utilisateur pour plus d\u2019une session de navigation.<\/p>\n<p><strong>7. GESTION DES COOKIES<\/strong><\/p>\n<p>Le menu de la plupart des navigateurs comporte des options permettant \u00e0 l\u2019Utilisateur de g\u00e9rer ses cookies en r\u00e9glant ou en configurant ses param\u00e8tres de cookies en fonction du navigateur<br>Pour Internet Explorer\u2122 :\u2028http:\/\/windows.microsoft.com\/fr-FR\/windows-vista\/Block-or-allow-cookies<br>Pour Safari\u2122 :\u2028https:\/\/support.apple.com\/kb\/PH21411?locale=fr_FR&amp;viewlocale=fr_FR<br>Pour Chrome\u2122 :\u2028http:\/\/support.google.com\/chrome\/bin\/answer.py?hl=fr&amp;hlmr=en&amp;answer=95647<br>Pour Firefox\u2122 :\u2028http:\/\/support.mozilla.org\/fr\/kb\/Activer%20et%20d%C3%A9sactiver%20les%20cookies<br>En principe, le navigateur offre \u00e0 l\u2019Utilisateur la possibilit\u00e9 :<br>d\u2019afficher ses cookies ;<br>d\u2019autoriser les cookies ;<br>de d\u00e9sactiver tous les cookies, ou uniquement des cookies pr\u00e9cis ;<br>de d\u00e9sactiver tous les cookies lorsqu\u2019il ferme son navigateur ;<br>de bloquer les cookies ;<br>d\u2019\u00eatre inform\u00e9 lorsqu\u2019il re\u00e7oit un cookie.<br>Si l\u2019Utilisateur d\u00e9cide de bloquer certains cookies, il se peut qu\u2019il ne puisse plus s\u2019inscrire, se connecter, ou acc\u00e9der \u00e0 certaines parties ou utiliser pleinement le site internet. En d\u2019autres termes, certaines des fonctionnalit\u00e9s du site internet seront d\u00e9sactiv\u00e9es et la navigation risque \u00e9galement d\u2019en \u00eatre affect\u00e9e.<\/p>\n<p>Pour en savoir plus sur les cookies, nous vous invitons \u00e0 consulter les pages suivantes :<br>http:\/\/www.allaboutcookies.org\/fr\/<br>http:\/\/www.cnil.fr\/vos-libertes\/vos-traces\/les-cookies\/<\/p>\n<\/div>\n<\/div>\n<\/div>\n<div data-id=\"da18c98\" data-element_type=\"widget\" data-widget_type=\"heading.default\">\n<div>\n<h2>Donn\u00e9es personnelles<\/h2>\n<\/div>\n<\/div>\n<div data-id=\"561a6a8\" data-element_type=\"widget\" data-widget_type=\"text-editor.default\">\n<div>\n<div>\n<p>Qui sommes-nous ?<\/p>\n<p>L&rsquo;ORANGER&nbsp;et nous traitons vos donn\u00e9es personnelles en qualit\u00e9 de responsables du traitement.<br>Adresse postale: 176 rue de Vaugirard 75015 Paris<\/p>\n<p>Email du Responsable de protection des donn\u00e9es : loranger75015@free.fr<\/p>\n<p>Pourquoi utilisons-nous vos donn\u00e9es personnelles ?<\/p>\n<p>Nous traiterons certaines de vos donn\u00e9es en fonction des produits, services ou des fonctionnalit\u00e9s dont vous souhaitez disposer \u00e0 chaque moment. En g\u00e9n\u00e9ral, celles-ci sont les suivantes :<\/p>\n<p>\u2013 Les donn\u00e9es de connexion, de g\u00e9olocalisation et de navigation<\/p>\n<p>Quand nous vous demandons de saisir vos donn\u00e9es personnelles pour permettre votre acc\u00e8s \u00e0 l\u2019une des fonctionnalit\u00e9s ou l\u2019un des services de la Plateforme, n\u2019oubliez pas que certaines cases seront marqu\u00e9es comme obligatoires, puisqu\u2019il s\u2019agit de donn\u00e9es dont nous avons besoin pour assurer le service en question ou pour vous permettre d\u2019acc\u00e9der \u00e0 cette fonctionnalit\u00e9. Ainsi, si vous d\u00e9cidez de ne pas nous fournir ces donn\u00e9es, il est possible que votre inscription comme utilisateur ne puisse pas \u00eatre conclu avec succ\u00e8s ou que vous ne pourrez pas profiter de ces services ou de ces fonctionnalit\u00e9s.<\/p>\n<p>Vos donn\u00e9es sont utilis\u00e9es afin de :<\/p>\n<p>\u2013 G\u00e9rer votre inscription comme utilisateur du site www.loranger-paris.com . Si vous d\u00e9cidez de vous inscrire&nbsp; sur notre site, nous aurons besoin de traiter vos donn\u00e9es pour vous identifier comme utilisateur et vous permettre d\u2019acc\u00e9der aux diff\u00e9rents types de fonctionnalit\u00e9s, de produits et de services qui sont \u00e0 votre disposition en tant qu\u2019utilisateur inscrit. Vous pourrez supprimer votre compte d\u2019utilisateur directement sur le site www.loranger-paris.com .<\/p>\n<p>\u2013 Mettre en \u0153uvre, l\u2019application et l\u2019ex\u00e9cution du contrat d\u2019achat ou de services conclu&nbsp; sur notre site. Ces donn\u00e9es nous permettrons de vous contacter pour des mises \u00e0 jour ou des communications d\u2019informations concernant les produits ou services conclus, y compris l\u2019envoi d\u2019enqu\u00eates de qualit\u00e9 sur les services ou produits fournis (informations sur la disponibilit\u00e9 des articles, envoyer des factures, etc.).<\/p>\n<p>\u2013 G\u00e9rer le paiement des produits ou services achet\u00e9s. Vos donn\u00e9es bancaires seront conserv\u00e9es par notre partenaire Cr\u00e9dit Agricole, plateforme de paiement, afin de pouvoir mener \u00e0 bien le paiement de votre commande, ainsi que pour proc\u00e9der \u00e0 d\u2019\u00e9ventuels remboursements. Vos donn\u00e9es bancaires ne sont pas conserv\u00e9es par L&rsquo;ORANGER.<\/p>\n<p>\u2013 Pr\u00e9venir d\u2019\u00e9ventuelles fraudes contre notre site ou contre vous-m\u00eames.<\/p>\n<p>\u2013 R\u00e9pondre aux demandes ou requ\u00eates r\u00e9alis\u00e9es \u00e0 travers les canaux du Service Client. Seules les donn\u00e9es strictement n\u00e9cessaires pour g\u00e9rer ou r\u00e9soudre votre requ\u00eate ou votre demande.<\/p>\n<p>\u2013 Envoyer des communications commerciales, type newsletters. Si vous \u00eates abonn\u00e9.e \u00e0 notre newsletter, nous traiterons vos donn\u00e9es personnelles pour g\u00e9rer votre abonnement, y compris l\u2019envoi d\u2019informations cibl\u00e9es sur nos produits ou nos services (sur la base de votre historique d\u2019achat). Toute utilisation commerciale (envoi de newsletters par exemple) n\u2019est faite qu\u2019avec votre accord (coche \u00ab je souhaite recevoir les newsletters \u00bb). Vous pouvez \u00e0 tout moment changer vos pr\u00e9f\u00e9rences (sur la page \u00ab mon compte \u00bb) pour \u00e9viter cette utilisation commerciale.<\/p>\n<p>\u2013 Mettre en place des actions promotionnelles. Pour l\u2019acc\u00e8s \u00e0 des offres promotionnelles sp\u00e9cifiques (Ventes Priv\u00e9es, jeux concours\u2026) vos donn\u00e9es seront utilis\u00e9es afin de vous en donner l\u2019acc\u00e8s ou pour pouvoir communiquer \u00e0 travers divers moyens.<\/p>\n<p>\u2013 Analyser l\u2019ergonomie et la qualit\u00e9 pour l\u2019am\u00e9lioration de nos services. En acc\u00e9dant \u00e0 notre site loranger-paris.com, vous \u00eates inform\u00e9(e) que nous traiterons vos donn\u00e9es de navigation \u00e0 des fins d\u2019analyse et de statistique, pour comprendre la fa\u00e7on dont les utilisateurs interagissent avec notre site, afin de pouvoir l\u2019am\u00e9liorer.<\/p>\n<p>Vos donn\u00e9es personnelles seront trait\u00e9es tant que vous conserverez la qualit\u00e9 d\u2019utilisateur du site, d\u2019inscrit au programme de fid\u00e9lit\u00e9, ou d\u2019abonn\u00e9 \u00e0 nos communications. Vous pouvez \u00e0 tout moment vous d\u00e9sinscrire via la page \u00ab mon compte \u00bb du site, ou en contactant notre boutique. Les donn\u00e9es bancaires ne sont pas conserv\u00e9es.<\/p>\n<p>Avec qui partageons-nous vos donn\u00e9es ?<\/p>\n<p>Nous partageons vos donn\u00e9es avec des prestataires de services qui nous aident ou qui fournissent le support n\u00e9cessaire, que ce soient des collaborateurs externes avec lesquels nous avons conclu un accord, situ\u00e9s dans l\u2019Union Europ\u00e9enne.<\/p>\n<p>L\u2019acc\u00e8s \u00e0 vos donn\u00e9es personnelles est permis \u00e0 des tiers auxquels nous faisons appel pour vous offrir certains services, c\u2019est-\u00e0-dire :<\/p>\n<p>Des \u00e9tablissements financiers<br>Des entit\u00e9s de d\u00e9tection et de pr\u00e9vention des fraudes<br>Des fournisseurs de services technologiques<br>Des fournisseurs et des collaborateurs de services de logistique, de transport et de livraison<br>Vos droits<\/p>\n<p>Vous disposez d\u2019un droit d\u2019acc\u00e8s, de rectification et de suppression de vos donn\u00e9es personnelles. Dans certains cas, vous avez aussi d\u2019autres droits, par exemple le droit de vous opposer au traitement de vos donn\u00e9es ou le droit \u00e0 la portabilit\u00e9. Pour exercer votre droit d\u2019acc\u00e8s, de rectification ou de suppression de vos donn\u00e9es personnelles, il vous suffit de contacter notre Service Client \u00e0 l\u2019adresse loranger75015@free.fr<\/p>\n<p>Si vous nous avez donn\u00e9 votre consentement pour le traitement de vos donn\u00e9es pour une quelconque finalit\u00e9, vous avez aussi le droit de le retirer \u00e0 tout moment, via la page \u00ab mon compte \u00bb ou en contactant directement notre boutique<\/p>\n<\/div>\n<\/div>\n<\/div>\t\t\t\t\t\t\t\t<\/div>\n\t\t\t\t<\/div>\n\t\t\t\t\t<\/div>\n\t\t<\/div>\n\t\t\t\t\t<\/div>\n\t\t<\/section>\n\t\t\t\t<\/div>\n\t\t","protected":false},"excerpt":{"rendered":"<p>Politique de confidentialit\u00e9 1. COOKIES Lors de la consultation du site Internet, des informations relatives \u00e0 la navigation du terminal de l\u2019Utilisateur (ordinateur, tablette, smartphone, etc.), sont susceptibles d\u2019\u00eatre enregistr\u00e9es dans des fichiers \u00ab Cookies \u00bb install\u00e9s sur ledit terminal, sous r\u00e9serve des choix que l\u2019Utilisateur aura exprim\u00e9s concernant les cookies et qu\u2019il peut modifier [&hellip;]<\/p>\n","protected":false},"author":2,"featured_media":0,"parent":0,"menu_order":0,"comment_status":"closed","ping_status":"closed","template":"","meta":{"footnotes":""},"class_list":["post-345","page","type-page","status-publish","hentry","entry"],"yoast_head":"<!-- This site is optimized with the Yoast SEO plugin v27.5 - https:\/\/yoast.com\/product\/yoast-seo-wordpress\/ -->\n<title>politique de confidentialit\u00e9 - L&#039;Oranger - Paris<\/title>\n<meta name=\"robots\" content=\"index, follow, max-snippet:-1, max-image-preview:large, max-video-preview:-1\" \/>\n<link rel=\"canonical\" href=\"https:\/\/loranger-paris.com\/index.php\/politique-de-confidentialite\/\" \/>\n<meta property=\"og:locale\" content=\"fr_FR\" \/>\n<meta property=\"og:type\" content=\"article\" \/>\n<meta property=\"og:title\" content=\"politique de confidentialit\u00e9 - L&#039;Oranger - Paris\" \/>\n<meta property=\"og:description\" content=\"Politique de confidentialit\u00e9 1. COOKIES Lors de la consultation du site Internet, des informations relatives \u00e0 la navigation du terminal de l\u2019Utilisateur (ordinateur, tablette, smartphone, etc.), sont susceptibles d\u2019\u00eatre enregistr\u00e9es dans des fichiers \u00ab Cookies \u00bb install\u00e9s sur ledit terminal, sous r\u00e9serve des choix que l\u2019Utilisateur aura exprim\u00e9s concernant les cookies et qu\u2019il peut modifier [&hellip;]\" \/>\n<meta property=\"og:url\" content=\"https:\/\/loranger-paris.com\/index.php\/politique-de-confidentialite\/\" \/>\n<meta property=\"og:site_name\" content=\"L&#039;Oranger - Paris\" \/>\n<meta property=\"article:modified_time\" content=\"2021-12-22T20:57:04+00:00\" \/>\n<meta name=\"twitter:card\" content=\"summary_large_image\" \/>\n<meta name=\"twitter:label1\" content=\"Dur\u00e9e de lecture estim\u00e9e\" \/>\n\t<meta name=\"twitter:data1\" content=\"7 minutes\" \/>\n<script type=\"application\/ld+json\" class=\"yoast-schema-graph\">{\"@context\":\"https:\\\/\\\/schema.org\",\"@graph\":[{\"@type\":\"WebPage\",\"@id\":\"https:\\\/\\\/loranger-paris.com\\\/index.php\\\/politique-de-confidentialite\\\/\",\"url\":\"https:\\\/\\\/loranger-paris.com\\\/index.php\\\/politique-de-confidentialite\\\/\",\"name\":\"politique de confidentialit\u00e9 - L&#039;Oranger - Paris\",\"isPartOf\":{\"@id\":\"https:\\\/\\\/loranger-paris.com\\\/#website\"},\"datePublished\":\"2021-06-21T15:28:37+00:00\",\"dateModified\":\"2021-12-22T20:57:04+00:00\",\"breadcrumb\":{\"@id\":\"https:\\\/\\\/loranger-paris.com\\\/index.php\\\/politique-de-confidentialite\\\/#breadcrumb\"},\"inLanguage\":\"fr-FR\",\"potentialAction\":[{\"@type\":\"ReadAction\",\"target\":[\"https:\\\/\\\/loranger-paris.com\\\/index.php\\\/politique-de-confidentialite\\\/\"]}]},{\"@type\":\"BreadcrumbList\",\"@id\":\"https:\\\/\\\/loranger-paris.com\\\/index.php\\\/politique-de-confidentialite\\\/#breadcrumb\",\"itemListElement\":[{\"@type\":\"ListItem\",\"position\":1,\"name\":\"Accueil\",\"item\":\"https:\\\/\\\/loranger-paris.com\\\/\"},{\"@type\":\"ListItem\",\"position\":2,\"name\":\"politique de confidentialit\u00e9\"}]},{\"@type\":\"WebSite\",\"@id\":\"https:\\\/\\\/loranger-paris.com\\\/#website\",\"url\":\"https:\\\/\\\/loranger-paris.com\\\/\",\"name\":\"L&#039;Oranger - Paris\",\"description\":\"Le bon go\u00fbt \u00e0 votre table\",\"publisher\":{\"@id\":\"https:\\\/\\\/loranger-paris.com\\\/#organization\"},\"potentialAction\":[{\"@type\":\"SearchAction\",\"target\":{\"@type\":\"EntryPoint\",\"urlTemplate\":\"https:\\\/\\\/loranger-paris.com\\\/?s={search_term_string}\"},\"query-input\":{\"@type\":\"PropertyValueSpecification\",\"valueRequired\":true,\"valueName\":\"search_term_string\"}}],\"inLanguage\":\"fr-FR\"},{\"@type\":\"Organization\",\"@id\":\"https:\\\/\\\/loranger-paris.com\\\/#organization\",\"name\":\"L&#039;Oranger - Paris\",\"url\":\"https:\\\/\\\/loranger-paris.com\\\/\",\"logo\":{\"@type\":\"ImageObject\",\"inLanguage\":\"fr-FR\",\"@id\":\"https:\\\/\\\/loranger-paris.com\\\/#\\\/schema\\\/logo\\\/image\\\/\",\"url\":\"https:\\\/\\\/loranger-paris.com\\\/wp-content\\\/uploads\\\/2020\\\/12\\\/logo_smal.png\",\"contentUrl\":\"https:\\\/\\\/loranger-paris.com\\\/wp-content\\\/uploads\\\/2020\\\/12\\\/logo_smal.png\",\"width\":372,\"height\":161,\"caption\":\"L&#039;Oranger - Paris\"},\"image\":{\"@id\":\"https:\\\/\\\/loranger-paris.com\\\/#\\\/schema\\\/logo\\\/image\\\/\"}}]}<\/script>\n<!-- \/ Yoast SEO plugin. -->","yoast_head_json":{"title":"politique de confidentialit\u00e9 - L&#039;Oranger - Paris","robots":{"index":"index","follow":"follow","max-snippet":"max-snippet:-1","max-image-preview":"max-image-preview:large","max-video-preview":"max-video-preview:-1"},"canonical":"https:\/\/loranger-paris.com\/index.php\/politique-de-confidentialite\/","og_locale":"fr_FR","og_type":"article","og_title":"politique de confidentialit\u00e9 - L&#039;Oranger - Paris","og_description":"Politique de confidentialit\u00e9 1. COOKIES Lors de la consultation du site Internet, des informations relatives \u00e0 la navigation du terminal de l\u2019Utilisateur (ordinateur, tablette, smartphone, etc.), sont susceptibles d\u2019\u00eatre enregistr\u00e9es dans des fichiers \u00ab Cookies \u00bb install\u00e9s sur ledit terminal, sous r\u00e9serve des choix que l\u2019Utilisateur aura exprim\u00e9s concernant les cookies et qu\u2019il peut modifier [&hellip;]","og_url":"https:\/\/loranger-paris.com\/index.php\/politique-de-confidentialite\/","og_site_name":"L&#039;Oranger - Paris","article_modified_time":"2021-12-22T20:57:04+00:00","twitter_card":"summary_large_image","twitter_misc":{"Dur\u00e9e de lecture estim\u00e9e":"7 minutes"},"schema":{"@context":"https:\/\/schema.org","@graph":[{"@type":"WebPage","@id":"https:\/\/loranger-paris.com\/index.php\/politique-de-confidentialite\/","url":"https:\/\/loranger-paris.com\/index.php\/politique-de-confidentialite\/","name":"politique de confidentialit\u00e9 - L&#039;Oranger - Paris","isPartOf":{"@id":"https:\/\/loranger-paris.com\/#website"},"datePublished":"2021-06-21T15:28:37+00:00","dateModified":"2021-12-22T20:57:04+00:00","breadcrumb":{"@id":"https:\/\/loranger-paris.com\/index.php\/politique-de-confidentialite\/#breadcrumb"},"inLanguage":"fr-FR","potentialAction":[{"@type":"ReadAction","target":["https:\/\/loranger-paris.com\/index.php\/politique-de-confidentialite\/"]}]},{"@type":"BreadcrumbList","@id":"https:\/\/loranger-paris.com\/index.php\/politique-de-confidentialite\/#breadcrumb","itemListElement":[{"@type":"ListItem","position":1,"name":"Accueil","item":"https:\/\/loranger-paris.com\/"},{"@type":"ListItem","position":2,"name":"politique de confidentialit\u00e9"}]},{"@type":"WebSite","@id":"https:\/\/loranger-paris.com\/#website","url":"https:\/\/loranger-paris.com\/","name":"L&#039;Oranger - Paris","description":"Le bon go\u00fbt \u00e0 votre table","publisher":{"@id":"https:\/\/loranger-paris.com\/#organization"},"potentialAction":[{"@type":"SearchAction","target":{"@type":"EntryPoint","urlTemplate":"https:\/\/loranger-paris.com\/?s={search_term_string}"},"query-input":{"@type":"PropertyValueSpecification","valueRequired":true,"valueName":"search_term_string"}}],"inLanguage":"fr-FR"},{"@type":"Organization","@id":"https:\/\/loranger-paris.com\/#organization","name":"L&#039;Oranger - Paris","url":"https:\/\/loranger-paris.com\/","logo":{"@type":"ImageObject","inLanguage":"fr-FR","@id":"https:\/\/loranger-paris.com\/#\/schema\/logo\/image\/","url":"https:\/\/loranger-paris.com\/wp-content\/uploads\/2020\/12\/logo_smal.png","contentUrl":"https:\/\/loranger-paris.com\/wp-content\/uploads\/2020\/12\/logo_smal.png","width":372,"height":161,"caption":"L&#039;Oranger - Paris"},"image":{"@id":"https:\/\/loranger-paris.com\/#\/schema\/logo\/image\/"}}]}},"_links":{"self":[{"href":"https:\/\/loranger-paris.com\/index.php\/wp-json\/wp\/v2\/pages\/345","targetHints":{"allow":["GET"]}}],"collection":[{"href":"https:\/\/loranger-paris.com\/index.php\/wp-json\/wp\/v2\/pages"}],"about":[{"href":"https:\/\/loranger-paris.com\/index.php\/wp-json\/wp\/v2\/types\/page"}],"author":[{"embeddable":true,"href":"https:\/\/loranger-paris.com\/index.php\/wp-json\/wp\/v2\/users\/2"}],"replies":[{"embeddable":true,"href":"https:\/\/loranger-paris.com\/index.php\/wp-json\/wp\/v2\/comments?post=345"}],"version-history":[{"count":10,"href":"https:\/\/loranger-paris.com\/index.php\/wp-json\/wp\/v2\/pages\/345\/revisions"}],"predecessor-version":[{"id":474,"href":"https:\/\/loranger-paris.com\/index.php\/wp-json\/wp\/v2\/pages\/345\/revisions\/474"}],"wp:attachment":[{"href":"https:\/\/loranger-paris.com\/index.php\/wp-json\/wp\/v2\/media?parent=345"}],"curies":[{"name":"wp","href":"https:\/\/api.w.org\/{rel}","templated":true}]}}